{"id":10,"date":"2026-04-08T16:15:18","date_gmt":"2026-04-08T16:15:18","guid":{"rendered":"http:\/\/ecologique-et-solidaire.eu\/?page_id=10"},"modified":"2026-04-09T22:29:47","modified_gmt":"2026-04-09T22:29:47","slug":"notre-programme","status":"publish","type":"page","link":"https:\/\/ecologique-et-solidaire.eu\/?page_id=10","title":{"rendered":"Nos candidats"},"content":{"rendered":"\n<div class=\"wp-block-group alignfull is-layout-flow wp-container-core-group-is-layout-f9cb6abc wp-block-group-is-layout-flow\" style=\"margin-top:0;margin-bottom:0\">\n<div class=\"wp-block-columns alignfull is-style-section-1 is-layout-flex wp-container-core-columns-is-layout-d9884270 wp-block-columns-is-layout-flex is-style-section-1--1\" style=\"padding-top:0;padding-bottom:0\">\n<div class=\"wp-block-column is-style-section-4 is-layout-flow wp-block-column-is-layout-flow is-style-section-4--2\" style=\"border-style:none;border-width:0px;border-top-left-radius:0px;border-top-right-radius:0px;border-bottom-left-radius:0px;border-bottom-right-radius:0px;padding-top:0;padding-right:0;padding-bottom:0;padding-left:0;flex-basis:50%\">\n<div class=\"wp-block-group is-vertical is-content-justification-stretch is-layout-flex wp-container-core-group-is-layout-098fff0a wp-block-group-is-layout-flex\" style=\"min-height:33vh;padding-top:var(--wp--preset--spacing--50);padding-right:var(--wp--preset--spacing--50);padding-bottom:var(--wp--preset--spacing--50);padding-left:var(--wp--preset--spacing--50)\">\n<h2 class=\"wp-block-heading has-xx-large-font-size\">Armelle Hammoumi M\u00fcller<\/h2>\n\n\n\n<div style=\"height:29px\" aria-hidden=\"true\" class=\"wp-block-spacer wp-container-content-7eea9941\"><\/div>\n\n\n\n<p>T\u00eate de liste &#8211; Les \u00e9cologistes<\/p>\n<\/div>\n<\/div>\n\n\n\n<div class=\"wp-block-column is-vertically-aligned-bottom is-layout-flow wp-block-column-is-layout-flow\" style=\"flex-basis:50%\">\n<figure class=\"wp-block-image aligncenter size-large is-style-default\"><img loading=\"lazy\" decoding=\"async\" width=\"1024\" height=\"991\" src=\"https:\/\/ecologique-et-solidaire.eu\/wp-content\/uploads\/2026\/04\/armelle-1024x991.png\" alt=\"\" class=\"wp-image-13\" style=\"aspect-ratio:1.033310011040475\" srcset=\"https:\/\/ecologique-et-solidaire.eu\/wp-content\/uploads\/2026\/04\/armelle-1024x991.png 1024w, https:\/\/ecologique-et-solidaire.eu\/wp-content\/uploads\/2026\/04\/armelle-300x290.png 300w, https:\/\/ecologique-et-solidaire.eu\/wp-content\/uploads\/2026\/04\/armelle-768x744.png 768w, https:\/\/ecologique-et-solidaire.eu\/wp-content\/uploads\/2026\/04\/armelle-1536x1487.png 1536w, https:\/\/ecologique-et-solidaire.eu\/wp-content\/uploads\/2026\/04\/armelle-2048x1983.png 2048w\" sizes=\"auto, (max-width: 1024px) 100vw, 1024px\" \/><\/figure>\n<\/div>\n\n\n\n<div class=\"wp-block-column is-style-section-4 is-layout-flow wp-block-column-is-layout-flow is-style-section-4--3\" style=\"border-style:none;border-width:0px;border-top-left-radius:0px;border-top-right-radius:0px;border-bottom-left-radius:0px;border-bottom-right-radius:0px;padding-top:0;padding-right:0;padding-bottom:0;padding-left:0;flex-basis:50%\">\n<div class=\"wp-block-group is-style-section-4 is-vertical is-content-justification-stretch is-layout-flex wp-container-core-group-is-layout-098fff0a wp-block-group-is-layout-flex is-style-section-4--4\" style=\"min-height:33vh;padding-top:var(--wp--preset--spacing--50);padding-right:var(--wp--preset--spacing--50);padding-bottom:var(--wp--preset--spacing--50);padding-left:var(--wp--preset--spacing--50)\">\n<h2 class=\"wp-block-heading has-xx-large-font-size\">\u00c9tienne Leroy<\/h2>\n\n\n\n<div style=\"height:71px\" aria-hidden=\"true\" class=\"wp-block-spacer wp-container-content-d45621ca\"><\/div>\n\n\n\n<p>2e de liste<\/p>\n\n\n\n<div style=\"height:29px\" aria-hidden=\"true\" class=\"wp-block-spacer wp-container-content-7eea9941\"><\/div>\n<\/div>\n<\/div>\n\n\n\n<div class=\"wp-block-column is-vertically-aligned-bottom is-layout-flow wp-block-column-is-layout-flow\" style=\"flex-basis:50%\">\n<figure class=\"wp-block-image aligncenter size-large\"><img loading=\"lazy\" decoding=\"async\" width=\"1024\" height=\"1008\" src=\"https:\/\/ecologique-et-solidaire.eu\/wp-content\/uploads\/2026\/04\/etienne-1024x1008.png\" alt=\"\" class=\"wp-image-30\" style=\"aspect-ratio:1.0158968994445088\" srcset=\"https:\/\/ecologique-et-solidaire.eu\/wp-content\/uploads\/2026\/04\/etienne-1024x1008.png 1024w, https:\/\/ecologique-et-solidaire.eu\/wp-content\/uploads\/2026\/04\/etienne-300x295.png 300w, https:\/\/ecologique-et-solidaire.eu\/wp-content\/uploads\/2026\/04\/etienne-768x756.png 768w, https:\/\/ecologique-et-solidaire.eu\/wp-content\/uploads\/2026\/04\/etienne-1536x1512.png 1536w, https:\/\/ecologique-et-solidaire.eu\/wp-content\/uploads\/2026\/04\/etienne-2048x2016.png 2048w\" sizes=\"auto, (max-width: 1024px) 100vw, 1024px\" \/><\/figure>\n<\/div>\n<\/div>\n\n\n\n<div class=\"wp-block-columns alignfull is-style-section-1 is-layout-flex wp-container-core-columns-is-layout-d9884270 wp-block-columns-is-layout-flex is-style-section-1--5\" style=\"padding-top:0;padding-bottom:0\">\n<div class=\"wp-block-column is-style-section-4 is-layout-flow wp-block-column-is-layout-flow is-style-section-4--6\" style=\"border-style:none;border-width:0px;border-top-left-radius:0px;border-top-right-radius:0px;border-bottom-left-radius:0px;border-bottom-right-radius:0px;padding-top:0;padding-right:0;padding-bottom:0;padding-left:0;flex-basis:50%\">\n<div class=\"wp-block-group is-vertical is-content-justification-stretch is-layout-flex wp-container-core-group-is-layout-098fff0a wp-block-group-is-layout-flex\" style=\"min-height:33vh;padding-top:var(--wp--preset--spacing--50);padding-right:var(--wp--preset--spacing--50);padding-bottom:var(--wp--preset--spacing--50);padding-left:var(--wp--preset--spacing--50)\">\n<h2 class=\"wp-block-heading has-xx-large-font-size\">Chlo\u00e9 Hipeau-Disko<\/h2>\n\n\n\n<div style=\"height:29px\" aria-hidden=\"true\" class=\"wp-block-spacer wp-container-content-7eea9941\"><\/div>\n\n\n\n<p>3e de liste<\/p>\n<\/div>\n<\/div>\n\n\n\n<div class=\"wp-block-column is-vertically-aligned-bottom is-style-section-1 is-layout-flow wp-block-column-is-layout-flow is-style-section-1--7\" style=\"flex-basis:50%\">\n<figure class=\"wp-block-image aligncenter size-large is-resized\"><img loading=\"lazy\" decoding=\"async\" width=\"838\" height=\"1024\" src=\"https:\/\/ecologique-et-solidaire.eu\/wp-content\/uploads\/2026\/04\/chloe-838x1024.png\" alt=\"\" class=\"wp-image-31\" style=\"aspect-ratio:0.8181508351859345;width:273px;height:auto\" srcset=\"https:\/\/ecologique-et-solidaire.eu\/wp-content\/uploads\/2026\/04\/chloe-838x1024.png 838w, https:\/\/ecologique-et-solidaire.eu\/wp-content\/uploads\/2026\/04\/chloe-245x300.png 245w, https:\/\/ecologique-et-solidaire.eu\/wp-content\/uploads\/2026\/04\/chloe-768x939.png 768w, https:\/\/ecologique-et-solidaire.eu\/wp-content\/uploads\/2026\/04\/chloe-1257x1536.png 1257w, https:\/\/ecologique-et-solidaire.eu\/wp-content\/uploads\/2026\/04\/chloe-1676x2048.png 1676w, https:\/\/ecologique-et-solidaire.eu\/wp-content\/uploads\/2026\/04\/chloe.png 1867w\" sizes=\"auto, (max-width: 838px) 100vw, 838px\" \/><\/figure>\n<\/div>\n\n\n\n<div class=\"wp-block-column is-style-section-4 is-layout-flow wp-block-column-is-layout-flow is-style-section-4--8\" style=\"border-style:none;border-width:0px;border-top-left-radius:0px;border-top-right-radius:0px;border-bottom-left-radius:0px;border-bottom-right-radius:0px;padding-top:0;padding-right:0;padding-bottom:0;padding-left:0;flex-basis:50%\">\n<div class=\"wp-block-group is-vertical is-content-justification-stretch is-layout-flex wp-container-core-group-is-layout-098fff0a wp-block-group-is-layout-flex\" style=\"min-height:33vh;padding-top:var(--wp--preset--spacing--50);padding-right:var(--wp--preset--spacing--50);padding-bottom:var(--wp--preset--spacing--50);padding-left:var(--wp--preset--spacing--50)\">\n<h2 class=\"wp-block-heading has-xx-large-font-size\">Charles Mercier<\/h2>\n\n\n\n<div style=\"height:29px\" aria-hidden=\"true\" class=\"wp-block-spacer wp-container-content-7eea9941\"><\/div>\n\n\n\n<p>4e de liste<\/p>\n<\/div>\n<\/div>\n\n\n\n<div class=\"wp-block-column is-vertically-aligned-bottom is-layout-flow wp-block-column-is-layout-flow\" style=\"flex-basis:50%\">\n<figure class=\"wp-block-image aligncenter size-large is-resized\"><img loading=\"lazy\" decoding=\"async\" width=\"1024\" height=\"1012\" src=\"https:\/\/ecologique-et-solidaire.eu\/wp-content\/uploads\/2026\/04\/charles-1024x1012.png\" alt=\"\" class=\"wp-image-32\" style=\"aspect-ratio:1.0121837215458256;width:343px;height:auto\" srcset=\"https:\/\/ecologique-et-solidaire.eu\/wp-content\/uploads\/2026\/04\/charles-1024x1012.png 1024w, https:\/\/ecologique-et-solidaire.eu\/wp-content\/uploads\/2026\/04\/charles-300x296.png 300w, https:\/\/ecologique-et-solidaire.eu\/wp-content\/uploads\/2026\/04\/charles-768x759.png 768w, https:\/\/ecologique-et-solidaire.eu\/wp-content\/uploads\/2026\/04\/charles-1536x1517.png 1536w, https:\/\/ecologique-et-solidaire.eu\/wp-content\/uploads\/2026\/04\/charles-2048x2023.png 2048w\" sizes=\"auto, (max-width: 1024px) 100vw, 1024px\" \/><\/figure>\n<\/div>\n<\/div>\n\n\n\n<div class=\"wp-block-columns is-layout-flex wp-container-core-columns-is-layout-28f84493 wp-block-columns-is-layout-flex\">\n<div class=\"wp-block-column is-layout-flow wp-block-column-is-layout-flow\">\n<div class=\"wp-block-group is-nowrap is-layout-flex wp-container-core-group-is-layout-6c531013 wp-block-group-is-layout-flex\"><\/div>\n<\/div>\n\n\n\n<div class=\"wp-block-column is-layout-flow wp-block-column-is-layout-flow\"><\/div>\n<\/div>\n<\/div>\n\n\n\n<p><\/p>\n","protected":false},"excerpt":{"rendered":"<p>Armelle Hammoumi M\u00fcller T\u00eate de liste &#8211; Les \u00e9cologistes \u00c9tienne Leroy 2e de liste Chlo\u00e9 Hipeau-Disko 3e de liste Charles Mercier 4e de liste<\/p>\n","protected":false},"author":2,"featured_media":0,"parent":0,"menu_order":0,"comment_status":"closed","ping_status":"closed","template":"page-no-title","meta":{"footnotes":""},"class_list":["post-10","page","type-page","status-publish","hentry"],"_links":{"self":[{"href":"https:\/\/ecologique-et-solidaire.eu\/index.php?rest_route=\/wp\/v2\/pages\/10","targetHints":{"allow":["GET"]}}],"collection":[{"href":"https:\/\/ecologique-et-solidaire.eu\/index.php?rest_route=\/wp\/v2\/pages"}],"about":[{"href":"https:\/\/ecologique-et-solidaire.eu\/index.php?rest_route=\/wp\/v2\/types\/page"}],"author":[{"embeddable":true,"href":"https:\/\/ecologique-et-solidaire.eu\/index.php?rest_route=\/wp\/v2\/users\/2"}],"replies":[{"embeddable":true,"href":"https:\/\/ecologique-et-solidaire.eu\/index.php?rest_route=%2Fwp%2Fv2%2Fcomments&post=10"}],"version-history":[{"count":7,"href":"https:\/\/ecologique-et-solidaire.eu\/index.php?rest_route=\/wp\/v2\/pages\/10\/revisions"}],"predecessor-version":[{"id":34,"href":"https:\/\/ecologique-et-solidaire.eu\/index.php?rest_route=\/wp\/v2\/pages\/10\/revisions\/34"}],"wp:attachment":[{"href":"https:\/\/ecologique-et-solidaire.eu\/index.php?rest_route=%2Fwp%2Fv2%2Fmedia&parent=10"}],"curies":[{"name":"wp","href":"https:\/\/api.w.org\/{rel}","templated":true}]}}